{"id":7,"date":"2017-02-14T18:29:51","date_gmt":"2017-02-14T17:29:51","guid":{"rendered":"http:\/\/lesamisdediawar.fr\/?page_id=7"},"modified":"2018-10-30T13:11:56","modified_gmt":"2018-10-30T12:11:56","slug":"accueil","status":"publish","type":"page","link":"https:\/\/lesamisdediawar.fr\/","title":{"rendered":"Accueil"},"content":{"rendered":"<p align=\"justify\">Les relations entre le village de Diawar au S\u00e9n\u00e9gal et la ville de Rez\u00e9 sont n\u00e9es d\u2019une correspondance scolaire entre le directeur de l\u2019\u00e9cole de Diawar, Papa Me\u00efssa Hanne et un enseignant du l\u2019\u00e9cole de Ragon \u00e0 Rez\u00e9, Jean Legal.<\/p>\n<p align=\"justify\">Pour donner suite \u00e0 ces \u00e9changes, l\u2019association \u00ab les Amis de Diawar \u00bb a \u00e9t\u00e9 cr\u00e9\u00e9e en 1987.<\/p>\n<h2>\u00ab Les Amis de Diawar \u00bb sont \u00e0 Rez\u00e9 ce que \u00ab Les amis de Rez\u00e9 \u00bb sont \u00e0 Diawar.<\/h2>\n<p align=\"justify\">Les relations de cette coop\u00e9ration s\u2019appuient sur les relations humaines, l\u2019entraide et la solidarit\u00e9 pour le d\u00e9veloppement du village.<\/p>\n<p><img decoding=\"async\" loading=\"lazy\" class=\"aligncenter size-medium wp-image-138\" src=\"http:\/\/lesamisdediawar.fr\/wp-content\/uploads\/2017\/02\/main-300x154.png\" alt=\"\" width=\"500\" height=\"250\" \/><\/p>\n<h2 align=\"center\">Diawar au S\u00e9n\u00e9gal<\/h2>\n<p><img decoding=\"async\" loading=\"lazy\" class=\"aligncenter size-medium wp-image-139\" src=\"http:\/\/lesamisdediawar.fr\/wp-content\/uploads\/2017\/02\/situation_Diawar-300x249.jpg\" alt=\"\" width=\"300\" height=\"249\" srcset=\"https:\/\/lesamisdediawar.fr\/wp-content\/uploads\/2017\/02\/situation_Diawar-300x249.jpg 300w, https:\/\/lesamisdediawar.fr\/wp-content\/uploads\/2017\/02\/situation_Diawar.jpg 383w\" sizes=\"(max-width: 300px) 100vw, 300px\" \/><\/p>\n<p align=\"justify\">Le village de Diawar d\u2019environ 4 500 habitants, est situ\u00e9 au nord du pays au bord du fleuve S\u00e9n\u00e9gal qui constitue la fronti\u00e8re avec la Mauritanie \u00e0 80 kilom\u00e8tres de Saint-Louis du S\u00e9n\u00e9gal. Diawar a vu le jour en 1967, dans le cadre de la politique d\u2019am\u00e9nagement de la vall\u00e9e du fleuve qui devait devenir le grenier \u00e0 riz du S\u00e9n\u00e9gal. Les maisons de ciment, sorties de terre, s\u2019alignent le long de rues trac\u00e9es au cordeau.<\/p>\n<p align=\"justify\">Aujourd\u2019hui, le climat et surtout l\u2019\u00e9volution de la politique agricole, qui ne garantit plus le revenu des paysans, rend la vie quotidienne de plus en plus difficile. Les femmes contribuent activement au d\u00e9veloppement \u00e9conomique du village : elles pratiquent notamment le mara\u00eechage et le commerce.<\/p>\n<p align=\"justify\">Le chef du village assist\u00e9 par l\u2019assembl\u00e9e des villageois et le conseil des notables dirige le village.<\/p>\n<p align=\"justify\">Un fort tissu associatif permet la participation de chacun \u00e0 la gestion de la vie collective et renforce la coh\u00e9sion de la communaut\u00e9.<\/p>\n","protected":false},"excerpt":{"rendered":"<p>Les relations entre le village de Diawar au S\u00e9n\u00e9gal et la ville de Rez\u00e9 sont n\u00e9es d\u2019une correspondance scolaire entre le directeur de l\u2019\u00e9cole de Diawar, Papa Me\u00efssa Hanne et un enseignant du l\u2019\u00e9cole de Ragon \u00e0 Rez\u00e9, Jean Legal. Pour donner suite \u00e0 ces \u00e9changes, l\u2019association \u00ab les Amis de Diawar \u00bb a \u00e9t\u00e9 cr\u00e9\u00e9e en 1987. \u00ab Les Amis de Diawar \u00bb sont \u00e0 Rez\u00e9 ce que \u00ab Les amis de Rez\u00e9 \u00bb sont \u00e0 Diawar. Les relations de cette coop\u00e9ration s\u2019appuient sur les relations humaines, l\u2019entraide et la solidarit\u00e9 pour le d\u00e9veloppement du village. Diawar au S\u00e9n\u00e9gal [&hellip;]<\/p>\n","protected":false},"author":1,"featured_media":0,"parent":0,"menu_order":0,"comment_status":"closed","ping_status":"closed","template":"","meta":[],"_links":{"self":[{"href":"https:\/\/lesamisdediawar.fr\/index.php\/wp-json\/wp\/v2\/pages\/7"}],"collection":[{"href":"https:\/\/lesamisdediawar.fr\/index.php\/wp-json\/wp\/v2\/pages"}],"about":[{"href":"https:\/\/lesamisdediawar.fr\/index.php\/wp-json\/wp\/v2\/types\/page"}],"author":[{"embeddable":true,"href":"https:\/\/lesamisdediawar.fr\/index.php\/wp-json\/wp\/v2\/users\/1"}],"replies":[{"embeddable":true,"href":"https:\/\/lesamisdediawar.fr\/index.php\/wp-json\/wp\/v2\/comments?post=7"}],"version-history":[{"count":9,"href":"https:\/\/lesamisdediawar.fr\/index.php\/wp-json\/wp\/v2\/pages\/7\/revisions"}],"predecessor-version":[{"id":142,"href":"https:\/\/lesamisdediawar.fr\/index.php\/wp-json\/wp\/v2\/pages\/7\/revisions\/142"}],"wp:attachment":[{"href":"https:\/\/lesamisdediawar.fr\/index.php\/wp-json\/wp\/v2\/media?parent=7"}],"curies":[{"name":"wp","href":"https:\/\/api.w.org\/{rel}","templated":true}]}}