{"id":27,"date":"2017-02-14T18:36:07","date_gmt":"2017-02-14T17:36:07","guid":{"rendered":"http:\/\/lesamisdediawar.fr\/?page_id=27"},"modified":"2018-11-10T17:07:33","modified_gmt":"2018-11-10T16:07:33","slug":"histoire","status":"publish","type":"page","link":"https:\/\/lesamisdediawar.fr\/index.php\/histoire\/","title":{"rendered":"Histoire"},"content":{"rendered":"<p>&nbsp;<\/p>\n<h4><img decoding=\"async\" loading=\"lazy\" class=\" wp-image-143 aligncenter\" src=\"http:\/\/lesamisdediawar.fr\/wp-content\/uploads\/2017\/02\/histoire-300x212.jpg\" alt=\"\" width=\"460\" height=\"325\" srcset=\"https:\/\/lesamisdediawar.fr\/wp-content\/uploads\/2017\/02\/histoire-300x212.jpg 300w, https:\/\/lesamisdediawar.fr\/wp-content\/uploads\/2017\/02\/histoire-768x543.jpg 768w, https:\/\/lesamisdediawar.fr\/wp-content\/uploads\/2017\/02\/histoire-610x431.jpg 610w, https:\/\/lesamisdediawar.fr\/wp-content\/uploads\/2017\/02\/histoire.jpg 924w\" sizes=\"(max-width: 460px) 100vw, 460px\" \/><\/h4>\n<p>Les relations entre le village de Diawar au S\u00e9n\u00e9gal et la ville de Rez\u00e9 sont n\u00e9es d\u2019une correspondance scolaire entre le directeur de l\u2019\u00e9cole de Diawar et un enseignant de l\u2019\u00e9cole de Ragon \u00e0 Rez\u00e9. Ces \u00e9changes sont essentiellement\u00a0bas\u00e9s sur les r\u00e9flexions et m\u00e9thodes p\u00e9dagogiques Freinet (elle repose sur l\u2019expression libre des enfants, le travail et la coop\u00e9ration). C\u2019est ainsi que na\u00eetront au village des commissions jeunes, conseils d\u2019enfants\u2026<br \/>\nEn 1987, elles se concr\u00e9tisent par la cr\u00e9ation de l\u2019association \u00ab\u00a0<strong>Les\u00a0Amis de Diawar\u00a0\u00bb\u00a0<\/strong>qui renforce les liens entre le quartier de Ragon, et participent activement aux projets de coop\u00e9ration de la Ville.<br \/>\nEn 1996, un Pacte d\u2019amiti\u00e9 scelle, symboliquement, la relation entre Rez\u00e9 et Diawar. Les relations de coop\u00e9ration sont fond\u00e9es sur deux axes :\u00a0<strong>la relation humaine et la solidarit\u00e9 pour le d\u00e9veloppement du village et de son \u00e9cole.<\/strong><br \/>\nDepuis, l\u2019association s\u2019est investie dans des projets plus importants concernant l\u2019\u00e9ducation, la sant\u00e9, l\u2019\u00e9conomie, la culture ou le sport.<\/p>\n<p>&nbsp;<\/p>\n<h2>Des r\u00e9alisations au fil des ann\u00e9es<\/h2>\n<h3>1987<\/h3>\n<ul>\n<li>Recherche d\u2019une \u00e9cole au S\u00e9n\u00e9gal, pour des \u00e9changes de correspondance<\/li>\n<li>Une \u00e9cole de trois classes d\u2019un petit village \u00ab\u00a0DIAWAR\u00a0\u00bb ainsi que leurs trois instituteurs r\u00e9pondent favorablement<\/li>\n<\/ul>\n<h3>1988<\/h3>\n<ul>\n<li>1<sup>\u00e8re<\/sup> visite \u00e0 Diawar de Jean Le Gal, responsable des relations internationales au Conseil d\u2019Administration du Mouvement Freinet mandat\u00e9 pour proposer la coop\u00e9ration du Mouvement Freinet et la mise en place d\u2019une p\u00e9dagogie\u00a0\u00ab\u00a0Ecole Nouvelle\u00a0\u00bb<\/li>\n<\/ul>\n<h3>1989<\/h3>\n<ul>\n<li>Cr\u00e9ation de l\u2019association \u00ab\u00a0LES AMIS DE DIAWAR\u00a0\u00bb<\/li>\n<li>Action de partenariat \u00e9ducatif entre enfants et adultes<\/li>\n<li>Mise en \u0153uvre du Droit \u00e0 l\u2019\u00e9ducation, du droit \u00e0 la sant\u00e9 et \u00e0 la compr\u00e9hension mutuelle entre l\u2019Ecole de Ragon \u00e0 Rez\u00e9 et l\u2019\u00e9cole de Diawar<\/li>\n<li>Adduction d\u2019eau potable \u00e0 l\u2019\u00e9cole et cr\u00e9ation d\u2019un jardin.<\/li>\n<\/ul>\n<h3>1990<\/h3>\n<ul>\n<li>Installation de 2 pompes robinet \u00e0 l\u2019\u00e9cole et pr\u00e8s de la mosqu\u00e9e<\/li>\n<li>Cr\u00e9ation d\u2019un jardin scolaire \u00e0 l\u2019\u00e9cole de Diawar<\/li>\n<\/ul>\n<h3>1991<\/h3>\n<ul>\n<li>Soutien de la ville de Rez\u00e9<\/li>\n<li>Accueil \u00e0 la Mairie d\u2019El Hadjj Gamou N\u2019Diaye, inspecteur de Dagana venu participer au Salon National de la P\u00e9dagogie Freinet \u00e0 Nantes<\/li>\n<li>Accueil de Papa Me\u00efsssa Hanne, pr\u00e9sident du club Freinet \u00ab\u00a0\u00e9cole moderne au S\u00e9n\u00e9gal\u00a0\u00bb et directeur de l\u2019\u00e9cole de Diawar<\/li>\n<li>Renforcement de la solidarit\u00e9 entre l\u2019\u00e9cole de Ragon et Diawar<\/li>\n<li>Envoi de plusieurs caisses de mat\u00e9riel scolaire<\/li>\n<\/ul>\n<h3>1992<\/h3>\n<ul>\n<li>Stage de formation \u00e0 la p\u00e9dagogie Freinet \u00e0 Diawar<\/li>\n<li>Accueil en mairie de Papa Me\u00efssa Hanne et Seydou Sy, enseignants \u00e0 Diawar, qui participent \u00e0 la Rencontre Internationale des Educateurs Freinet \u00e0 Poitiers<\/li>\n<li>Rencontre avec les repr\u00e9sentants de l\u2019OMJRI, des enseignants de Ragon<\/li>\n<li>Remise de colis pour les \u00e9l\u00e8ves de Diawar<\/li>\n<\/ul>\n<h3>1994<\/h3>\n<ul>\n<li>Construction de 2 nouvelles classes et r\u00e9fection de 2 autres<\/li>\n<li>Construction de toilettes et d\u2019un mur de cl\u00f4ture pour l\u2019\u00e9cole et le jardin<\/li>\n<\/ul>\n<h3>1995<\/h3>\n<ul>\n<li>R\u00e9fection et construction de classes<\/li>\n<li>Nouvelle visite de papa Me\u00efssa Hanne<\/li>\n<li>Inauguration de la place Ragon \u00e0 Diawar<\/li>\n<li>Plantation de 2 arbres de l\u2019Amiti\u00e9<\/li>\n<\/ul>\n<h3>1996<\/h3>\n<ul>\n<li>Remise de la plaque \u00ab\u00a0PLACE DE RAGON\u00a0\u00bb, au chef du village de Diawar<\/li>\n<li>10<sup>\u00e8me<\/sup> anniversaire des relations entre l\u2019\u00e9cole de Ragon et Diawar<\/li>\n<li>Signature d\u2019un pacte d\u2019amiti\u00e9 avec inauguration officielle de l\u2019all\u00e9e Diawar \u00e0 Rez\u00e9<\/li>\n<li>Plantation d\u2019un arbre \u00e0 palabre \u00e0 Rez\u00e9<\/li>\n<li>Construction de 3 toilettes dans le village de Diawar<\/li>\n<li>Chantier d\u2019\u00e9t\u00e9 avec des jeunes de Rez\u00e9 de reboisement \u00e0 Diawar<\/li>\n<\/ul>\n<h3>1998<\/h3>\n<ul>\n<li>Aide au d\u00e9veloppement communautaire du village de Diawar<\/li>\n<li>R\u00e9fection et \u00e9quipement de classes<\/li>\n<li>Equipement de la maternit\u00e9<\/li>\n<li>Installation de 4 sanitaires \u00e0 l\u2019\u00e9cole<\/li>\n<li>Programme d\u2019alphab\u00e9tisation<\/li>\n<li>Installation de quatre sanitaires \u00e0 l\u2019\u00e9cole<\/li>\n<li>Programme d\u2019alphab\u00e9tisation<\/li>\n<\/ul>\n<h3>1999<\/h3>\n<ul>\n<li>Elargissement des relations, des actions et recherche de partenaires<\/li>\n<li>D\u00e9l\u00e9gation officielle de Rez\u00e9 pour la 1<sup>\u00e8re<\/sup> fois \u00e0 Diawar<\/li>\n<li>Chantier d\u2019\u00e9t\u00e9 avec des jeunes de Rez\u00e9 de reboisement \u00e0 Diawar<\/li>\n<\/ul>\n<h3>2000<\/h3>\n<ul>\n<li>Aide \u00e0 l\u2019\u00e9mancipation des femmes<\/li>\n<li>Construction d\u2019une \u00e9cole maternelle<\/li>\n<li>Formation de jeunes filles \u00e0 la couture, \u00e0 la coiffure<\/li>\n<li>Envoi d\u2019un container de mat\u00e9riel pour l\u2019\u00e9cole et le village<\/li>\n<\/ul>\n<h3>2002<\/h3>\n<ul>\n<li>Formation de 2 jeunes femmes du village dans le service petite enfance de la ville de Rez\u00e9<\/li>\n<li>Accueil de jeunes de Diawar au camp international organis\u00e9 par l\u2019ARPEJ de Rez\u00e9<\/li>\n<li>Accueil du chef du village de Diawar et du pr\u00e9sident de l\u2019association des amis de Rez\u00e9<\/li>\n<li>D\u00e9l\u00e9gation officielle d\u2019\u00e9lus de la ville de Rez\u00e9 pour prendre contact avec les \u00e9lus de communaut\u00e9 rurale<\/li>\n<\/ul>\n<h3>2003<\/h3>\n<ul>\n<li>Construction et \u00e9quipement d\u2019une \u00e9cole maternelle<\/li>\n<li>Signature d\u2019un protocole d\u2019accord entre le maire de Rez\u00e9 et le Pr\u00e9sident de la communaut\u00e9 Rurale<\/li>\n<li>Etude d\u2019un march\u00e9 communautaire \u00e0 la p\u00e9riph\u00e9rie du village<\/li>\n<li>Signature d\u2019un protocole d\u2019accord avec la communaut\u00e9 rurale<\/li>\n<\/ul>\n<h3>2004<\/h3>\n<ul>\n<li>Une ann\u00e9e de restructuration pour une relation humaine, vivante et \u00e9volutive<\/li>\n<\/ul>\n<h3>2005<\/h3>\n<ul>\n<li>R\u00e9alisation d\u2019un march\u00e9 communautaire \u00e0 la p\u00e9riph\u00e9rie du village<\/li>\n<\/ul>\n<h3>2006<\/h3>\n<ul>\n<li>Construction d\u2019un local pour l\u2019association des Amis de Rez\u00e9 \u00e0 Diawar<\/li>\n<li>Equipement de mat\u00e9riel informatique et d\u2019une connexion internet<\/li>\n<\/ul>\n<h3>2009<\/h3>\n<ul>\n<li>Etude et r\u00e9alisation d\u2019un centre d\u2019accueil<\/li>\n<li>Financement de la femme de charge pour l\u2019\u00e9cole maternelle<\/li>\n<\/ul>\n<h3>2010<\/h3>\n<ul>\n<li>R\u00e9ception des premiers h\u00f4tes dans le centre lors du d\u00e9placement de la d\u00e9l\u00e9gation du Maire de Rez\u00e9<\/li>\n<li>Agrandissement de 3 chambres du logement des enseignants<\/li>\n<li>Financement de la femme de charge pour l\u2019\u00e9cole maternelle<\/li>\n<\/ul>\n<h3>2011<\/h3>\n<ul>\n<li>Chantier de jeunes rez\u00e9ens \u00e0 Diawar dans le cadre d\u2019\u00e9changes interculturel en \u00e9t\u00e9 (Entretien et Nettoyage du Centre de Sant\u00e9 \u2013 Contact avec les jeunes du village)<\/li>\n<li>Etablissement d\u2019une charte qui d\u00e9finit de nos valeurs et objectifs dans la relation Avec le village de Diawar<\/li>\n<li>Construction du mur de l\u2019\u00e9cole maternelle<\/li>\n<li>Achat de lits pour la maternit\u00e9<\/li>\n<li>Financement de la femme de charge pour l\u2019\u00e9cole maternelle<\/li>\n<\/ul>\n<h3>2012\/2013<\/h3>\n<ul>\n<li>Aide au fonctionnement de l\u2019\u00e9cole maternelle<\/li>\n<li>Reconstruction du mur de l\u2019\u00e9cole primaire endommag\u00e9e par les inondations<\/li>\n<\/ul>\n<h3>2014<\/h3>\n<ul>\n<li>Aide au fonctionnement de l\u2019\u00e9cole maternelle<\/li>\n<li>R\u00e9fection de l\u2019\u00e9cole primaire (Toiture \u2013 R\u00e9fection Salles de Classe \u2013 R\u00e9fection Auvent \u2013 Carrelage Perron)<\/li>\n<\/ul>\n<h3>2015<\/h3>\n<ul>\n<li>Aide au fonctionnement de l\u2019\u00e9cole maternelle<\/li>\n<li>Achat de jeux et d\u2019outils p\u00e9dagogiques<\/li>\n<li>Financement d\u2019un voyage scolaire p\u00e9dagogique \u00e0 Dakar et \u00e0 l\u2019ile de Gor\u00e9e pour les CM1 et CM2 de l\u2019\u00e9cole de Diawar (environ 100 enfants)<\/li>\n<li>R\u00e9paration des lits du centre d\u2019accueil<\/li>\n<li>Correspondance avec les enfants de l\u2019accompagnement \u00e9ducatif de l\u2019\u00e9cole de Ragon<\/li>\n<li>Accueil du maire de Ronck \u00e0 Rez\u00e9<\/li>\n<\/ul>\n<h3>2016<\/h3>\n<ul>\n<li>Fourniture de maillots et surv\u00eatements par l\u2019association International Rez\u00e9 Football de Rez\u00e9 pour les jeunes de Diawar<\/li>\n<li>R\u00e9novation de l\u2019\u00e9cole maternelle (carrelage dans 2 classes)<\/li>\n<li>Aide au fonctionnement de l\u2019\u00e9cole maternelle<\/li>\n<li>Financement de fournitures scolaires pour l\u2019\u00e9cole primaire<\/li>\n<\/ul>\n<h3>2017<\/h3>\n<ul>\n<li>Financement d\u2019un voyage scolaire p\u00e9dagogique \u00e0 Dakar et \u00e0 l\u2019ile de Gor\u00e9e pour les CM1 et CM2 de l\u2019\u00e9cole de Diawar (environ 144 enfants)<\/li>\n<li>Aide au fonctionnement de l\u2019\u00e9cole maternelle<\/li>\n<li>Financement de fournitures scolaires pour l\u2019\u00e9cole primaire et le coll\u00e8ge<\/li>\n<li>R\u00e9novation du toit de la maternit\u00e9 et financement de mat\u00e9riel m\u00e9dical<\/li>\n<\/ul>\n<h3>2018<\/h3>\n<ul>\n<li>Construction d\u2019une salle commune \u00e0 l\u2019\u00e9cole maternelle et r\u00e9novation de la peinture<\/li>\n<li>Aide au fonctionnement de l\u2019\u00e9cole maternelle<\/li>\n<li>Financement de fournitures scolaires pour l\u2019\u00e9cole primaire et le coll\u00e8ge<\/li>\n<\/ul>\n<h3>2019<\/h3>\n<ul>\n<li>Financement d\u2019un voyage scolaire p\u00e9dagogique \u00e0 Dakar et \u00e0 l\u2019ile de Gor\u00e9e pour les CM1 et CM2 de l\u2019\u00e9cole de Diawar<\/li>\n<\/ul>\n<p>&nbsp;<\/p>\n<p>&nbsp;<\/p>\n<p>&nbsp;<\/p>\n<p>&nbsp;<\/p>\n","protected":false},"excerpt":{"rendered":"<p>&nbsp; Les relations entre le village de Diawar au S\u00e9n\u00e9gal et la ville de Rez\u00e9 sont n\u00e9es d\u2019une correspondance scolaire entre le directeur de l\u2019\u00e9cole de Diawar et un enseignant de l\u2019\u00e9cole de Ragon \u00e0 Rez\u00e9. Ces \u00e9changes sont essentiellement\u00a0bas\u00e9s sur les r\u00e9flexions et m\u00e9thodes p\u00e9dagogiques Freinet (elle repose sur l\u2019expression libre des enfants, le travail et la coop\u00e9ration). C\u2019est ainsi que na\u00eetront au village des commissions jeunes, conseils d\u2019enfants\u2026 En 1987, elles se concr\u00e9tisent par la cr\u00e9ation de l\u2019association \u00ab\u00a0Les\u00a0Amis de Diawar\u00a0\u00bb\u00a0qui renforce les liens entre le quartier de Ragon, et participent activement aux projets de coop\u00e9ration de la [&hellip;]<\/p>\n","protected":false},"author":1,"featured_media":0,"parent":0,"menu_order":0,"comment_status":"closed","ping_status":"closed","template":"","meta":[],"_links":{"self":[{"href":"https:\/\/lesamisdediawar.fr\/index.php\/wp-json\/wp\/v2\/pages\/27"}],"collection":[{"href":"https:\/\/lesamisdediawar.fr\/index.php\/wp-json\/wp\/v2\/pages"}],"about":[{"href":"https:\/\/lesamisdediawar.fr\/index.php\/wp-json\/wp\/v2\/types\/page"}],"author":[{"embeddable":true,"href":"https:\/\/lesamisdediawar.fr\/index.php\/wp-json\/wp\/v2\/users\/1"}],"replies":[{"embeddable":true,"href":"https:\/\/lesamisdediawar.fr\/index.php\/wp-json\/wp\/v2\/comments?post=27"}],"version-history":[{"count":8,"href":"https:\/\/lesamisdediawar.fr\/index.php\/wp-json\/wp\/v2\/pages\/27\/revisions"}],"predecessor-version":[{"id":148,"href":"https:\/\/lesamisdediawar.fr\/index.php\/wp-json\/wp\/v2\/pages\/27\/revisions\/148"}],"wp:attachment":[{"href":"https:\/\/lesamisdediawar.fr\/index.php\/wp-json\/wp\/v2\/media?parent=27"}],"curies":[{"name":"wp","href":"https:\/\/api.w.org\/{rel}","templated":true}]}}